{"id":67,"date":"2023-03-20T18:04:21","date_gmt":"2023-03-20T18:04:21","guid":{"rendered":"https:\/\/el-raconet.com\/?page_id=67"},"modified":"2025-06-06T07:54:03","modified_gmt":"2025-06-06T07:54:03","slug":"geometria","status":"publish","type":"page","link":"https:\/\/el-raconet.com\/index.php\/geometria\/","title":{"rendered":"Geometria"},"content":{"rendered":"\n<div class=\"wp-block-query is-layout-flow wp-block-query-is-layout-flow\"><ul class=\"wp-block-post-template is-layout-flow wp-block-post-template-is-layout-flow\"><li class=\"wp-block-post post-1444 post type-post status-publish format-standard has-post-thumbnail hentry category-geometria tag-eso tag-geometria tag-matematiques tag-primaria\">\n\n<div class=\"wp-block-columns alignwide is-layout-flex wp-container-core-columns-is-layout-1 wp-block-columns-is-layout-flex\">\n<div class=\"wp-block-column is-layout-flow wp-block-column-is-layout-flow\" style=\"flex-basis:66.66%\"><figure class=\"wp-block-post-featured-image\"><a href=\"https:\/\/el-raconet.com\/index.php\/2025\/09\/19\/classificar-quadrilaters\/\" target=\"_self\"  ><img loading=\"lazy\" decoding=\"async\" width=\"1200\" height=\"335\" src=\"https:\/\/el-raconet.com\/wp-content\/uploads\/2025\/09\/QUADRAT-4.png\" class=\"attachment-post-thumbnail size-post-thumbnail wp-post-image\" alt=\"Com classificar els quadril\u00e0ters?\" style=\"object-fit:cover;\" srcset=\"https:\/\/el-raconet.com\/wp-content\/uploads\/2025\/09\/QUADRAT-4.png 1200w, https:\/\/el-raconet.com\/wp-content\/uploads\/2025\/09\/QUADRAT-4-300x84.png 300w, https:\/\/el-raconet.com\/wp-content\/uploads\/2025\/09\/QUADRAT-4-1024x286.png 1024w, https:\/\/el-raconet.com\/wp-content\/uploads\/2025\/09\/QUADRAT-4-768x214.png 768w\" sizes=\"auto, (max-width: 1200px) 100vw, 1200px\" \/><\/a><\/figure><\/div>\n\n\n\n<div class=\"wp-block-column is-layout-flow wp-block-column-is-layout-flow\" style=\"flex-basis:33.33%\"><h2 class=\"wp-block-post-title\"><a href=\"https:\/\/el-raconet.com\/index.php\/2025\/09\/19\/classificar-quadrilaters\/\" target=\"_self\" >Com classificar els quadril\u00e0ters?<\/a><\/h2>\n\n<div class=\"wp-block-post-excerpt\"><p class=\"wp-block-post-excerpt__excerpt\">Descobreix com es classifiquen els quadril\u00e0ters: paral\u00b7lelograms, trapezis i trapezoides. Amb exemples clars i un v\u00eddeo explicatiu. <\/p><\/div><\/div>\n<\/div>\n\n<\/li><li class=\"wp-block-post post-106 post type-post status-publish format-standard has-post-thumbnail hentry category-geometria tag-eso tag-geometria tag-matematiques tag-primaria\">\n\n<div class=\"wp-block-columns alignwide is-layout-flex wp-container-core-columns-is-layout-2 wp-block-columns-is-layout-flex\">\n<div class=\"wp-block-column is-layout-flow wp-block-column-is-layout-flow\" style=\"flex-basis:66.66%\"><figure class=\"wp-block-post-featured-image\"><a href=\"https:\/\/el-raconet.com\/index.php\/2023\/07\/11\/com-classificar-els-triangles\/\" target=\"_self\"  ><img loading=\"lazy\" decoding=\"async\" width=\"800\" height=\"450\" src=\"https:\/\/el-raconet.com\/wp-content\/uploads\/2023\/08\/mini-clas-triangles.jpg\" class=\"attachment-post-thumbnail size-post-thumbnail wp-post-image\" alt=\"Com classificar els triangles?\" style=\"object-fit:cover;\" srcset=\"https:\/\/el-raconet.com\/wp-content\/uploads\/2023\/08\/mini-clas-triangles.jpg 800w, https:\/\/el-raconet.com\/wp-content\/uploads\/2023\/08\/mini-clas-triangles-300x169.jpg 300w, https:\/\/el-raconet.com\/wp-content\/uploads\/2023\/08\/mini-clas-triangles-768x432.jpg 768w\" sizes=\"auto, (max-width: 800px) 100vw, 800px\" \/><\/a><\/figure><\/div>\n\n\n\n<div class=\"wp-block-column is-layout-flow wp-block-column-is-layout-flow\" style=\"flex-basis:33.33%\"><h2 class=\"wp-block-post-title\"><a href=\"https:\/\/el-raconet.com\/index.php\/2023\/07\/11\/com-classificar-els-triangles\/\" target=\"_self\" >Com classificar els triangles?<\/a><\/h2>\n\n<div class=\"wp-block-post-excerpt\"><p class=\"wp-block-post-excerpt__excerpt\">Un triangle \u00e9s un pol\u00edgon amb tres costats i tres angles. Es tracta d&#8217;una figura geom\u00e8trica, per tant es pot representar en un pla, unint tres punts que no siguin consecutius amb l\u00ednies rectes. <\/p><\/div><\/div>\n<\/div>\n\n<\/li><li class=\"wp-block-post post-85 post type-post status-publish format-standard has-post-thumbnail hentry category-geometria tag-eso tag-geometria tag-matematiques tag-primaria\">\n\n<div class=\"wp-block-columns alignwide is-layout-flex wp-container-core-columns-is-layout-3 wp-block-columns-is-layout-flex\">\n<div class=\"wp-block-column is-layout-flow wp-block-column-is-layout-flow\" style=\"flex-basis:66.66%\"><figure class=\"wp-block-post-featured-image\"><a href=\"https:\/\/el-raconet.com\/index.php\/2023\/07\/06\/els-poligons-que-son-i-com-es-classifiquen\/\" target=\"_self\"  ><img loading=\"lazy\" decoding=\"async\" width=\"800\" height=\"450\" src=\"https:\/\/el-raconet.com\/wp-content\/uploads\/2023\/08\/els-poligons.png\" class=\"attachment-post-thumbnail size-post-thumbnail wp-post-image\" alt=\"Els pol\u00edgons, qu\u00e8 s\u00f3n i com es classifiquen\" style=\"object-fit:cover;\" srcset=\"https:\/\/el-raconet.com\/wp-content\/uploads\/2023\/08\/els-poligons.png 800w, https:\/\/el-raconet.com\/wp-content\/uploads\/2023\/08\/els-poligons-300x169.png 300w, https:\/\/el-raconet.com\/wp-content\/uploads\/2023\/08\/els-poligons-768x432.png 768w\" sizes=\"auto, (max-width: 800px) 100vw, 800px\" \/><\/a><\/figure><\/div>\n\n\n\n<div class=\"wp-block-column is-layout-flow wp-block-column-is-layout-flow\" style=\"flex-basis:33.33%\"><h2 class=\"wp-block-post-title\"><a href=\"https:\/\/el-raconet.com\/index.php\/2023\/07\/06\/els-poligons-que-son-i-com-es-classifiquen\/\" target=\"_self\" >Els pol\u00edgons, qu\u00e8 s\u00f3n i com es classifiquen<\/a><\/h2>\n\n<div class=\"wp-block-post-excerpt\"><p class=\"wp-block-post-excerpt__excerpt\">El pol\u00edgons s\u00f3n figures geom\u00e8triques formades per l\u00ednies poligonals. Es poden classificar de moltes maneres diferents&#8230; <\/p><\/div><\/div>\n<\/div>\n\n<\/li><\/ul><\/div>\n","protected":false},"excerpt":{"rendered":"","protected":false},"author":1,"featured_media":0,"parent":0,"menu_order":0,"comment_status":"closed","ping_status":"closed","template":"","meta":{"footnotes":""},"class_list":["post-67","page","type-page","status-publish","hentry"],"aioseo_notices":[],"_links":{"self":[{"href":"https:\/\/el-raconet.com\/index.php\/wp-json\/wp\/v2\/pages\/67","targetHints":{"allow":["GET"]}}],"collection":[{"href":"https:\/\/el-raconet.com\/index.php\/wp-json\/wp\/v2\/pages"}],"about":[{"href":"https:\/\/el-raconet.com\/index.php\/wp-json\/wp\/v2\/types\/page"}],"author":[{"embeddable":true,"href":"https:\/\/el-raconet.com\/index.php\/wp-json\/wp\/v2\/users\/1"}],"replies":[{"embeddable":true,"href":"https:\/\/el-raconet.com\/index.php\/wp-json\/wp\/v2\/comments?post=67"}],"version-history":[{"count":4,"href":"https:\/\/el-raconet.com\/index.php\/wp-json\/wp\/v2\/pages\/67\/revisions"}],"predecessor-version":[{"id":114,"href":"https:\/\/el-raconet.com\/index.php\/wp-json\/wp\/v2\/pages\/67\/revisions\/114"}],"wp:attachment":[{"href":"https:\/\/el-raconet.com\/index.php\/wp-json\/wp\/v2\/media?parent=67"}],"curies":[{"name":"wp","href":"https:\/\/api.w.org\/{rel}","templated":true}]}}