{"id":214,"date":"2023-08-02T17:36:10","date_gmt":"2023-08-02T17:36:10","guid":{"rendered":"https:\/\/el-raconet.com\/?page_id=214"},"modified":"2023-08-07T09:56:20","modified_gmt":"2023-08-07T09:56:20","slug":"contacte","status":"publish","type":"page","link":"https:\/\/el-raconet.com\/index.php\/contacte\/","title":{"rendered":"Contacte"},"content":{"rendered":"\n<p>Si us voleu posar en contacte amb nosaltres, podeu emplenar el seg\u00fcent formulari o b\u00e9 enviar un correu electr\u00f2nic a: <a href=\"mailto:elraconet.ea@gmail.com\">elraconet.ea@gmail.com<\/a><\/p>\n\n\n\n<div class=\"wp-block-jetpack-contact-form\" style=\"padding-top:16px;padding-right:16px;padding-bottom:16px;padding-left:16px\">\n\n\n\n\n\n<\/div>\n","protected":false},"excerpt":{"rendered":"<p>Si us voleu posar en contacte amb nosaltres, podeu emplenar el seg\u00fcent formulari o b\u00e9 enviar un correu electr\u00f2nic a: elraconet.ea@gmail.com<\/p>\n","protected":false},"author":1,"featured_media":0,"parent":0,"menu_order":0,"comment_status":"closed","ping_status":"closed","template":"","meta":{"footnotes":""},"class_list":["post-214","page","type-page","status-publish","hentry"],"aioseo_notices":[],"_links":{"self":[{"href":"https:\/\/el-raconet.com\/index.php\/wp-json\/wp\/v2\/pages\/214","targetHints":{"allow":["GET"]}}],"collection":[{"href":"https:\/\/el-raconet.com\/index.php\/wp-json\/wp\/v2\/pages"}],"about":[{"href":"https:\/\/el-raconet.com\/index.php\/wp-json\/wp\/v2\/types\/page"}],"author":[{"embeddable":true,"href":"https:\/\/el-raconet.com\/index.php\/wp-json\/wp\/v2\/users\/1"}],"replies":[{"embeddable":true,"href":"https:\/\/el-raconet.com\/index.php\/wp-json\/wp\/v2\/comments?post=214"}],"version-history":[{"count":2,"href":"https:\/\/el-raconet.com\/index.php\/wp-json\/wp\/v2\/pages\/214\/revisions"}],"predecessor-version":[{"id":220,"href":"https:\/\/el-raconet.com\/index.php\/wp-json\/wp\/v2\/pages\/214\/revisions\/220"}],"wp:attachment":[{"href":"https:\/\/el-raconet.com\/index.php\/wp-json\/wp\/v2\/media?parent=214"}],"curies":[{"name":"wp","href":"https:\/\/api.w.org\/{rel}","templated":true}]}}