{"id":203,"date":"2023-08-02T17:25:52","date_gmt":"2023-08-02T17:25:52","guid":{"rendered":"https:\/\/el-raconet.com\/?page_id=203"},"modified":"2023-08-07T09:55:40","modified_gmt":"2023-08-07T09:55:40","slug":"qui-som","status":"publish","type":"page","link":"https:\/\/el-raconet.com\/index.php\/qui-som\/","title":{"rendered":"Qui som?"},"content":{"rendered":"\n<p>El Raconet \u00e9s un espai virtual creat el mar\u00e7 de l&#8217;any 2021 amb l&#8217;objectiu de crear <strong>continguts<\/strong> i materials \u00fatils per a <strong>mestres<\/strong>,<strong> alumnes<\/strong> i <strong>fam\u00edlies<\/strong> en el marc educatiu de <strong>prim\u00e0ria<\/strong> i <strong>secund\u00e0ria<\/strong>, especialitzat en l&#8217;\u00e0mbit <strong>matem\u00e0tic<\/strong> i <strong>cient\u00edfic<\/strong> (de moment). <\/p>\n\n\n\n<p>Un altre objectiu d&#8217;aquest espai digital \u00e9s crear contingut de qualitat en <strong>catal\u00e0<\/strong>, per donar visibilitat a la nostra llengua a les <strong>xarxes<\/strong> i que qui vulgui aprendre en <strong>catal\u00e0<\/strong>, tamb\u00e9 ho pugui fer de forma digital, tasca dif\u00edcil pel monopoli de les lleng\u00fces majorit\u00e0ries a internet a causa dels estimats algoritmes.<\/p>\n\n\n\n<p>Actualment, a part de la <strong>p\u00e0gina web<\/strong>, tenim presencia a <a href=\"https:\/\/www.youtube.com\/@elraconet\" target=\"_blank\" rel=\"noopener\" title=\"\">Youtube<\/a>, <a href=\"https:\/\/www.tiktok.com\/@el_raconet\" target=\"_blank\" rel=\"noopener\" title=\"\">TikTok<\/a>, <a href=\"https:\/\/www.instagram.com\/elraconet.ea\/?hl=es\" target=\"_blank\" rel=\"noopener\" title=\"\">Instagram <\/a>i <a href=\"https:\/\/www.facebook.com\/profile.php?id=100063115336135\" target=\"_blank\" rel=\"noopener\" title=\"\">Facebook<\/a>.<\/p>\n\n\n\n<figure><a href=\"https:\/\/www.youtube.com\/@elraconet\/videos\" target=\"_blank\" rel=\"noreferrer noopener\"><img loading=\"lazy\" decoding=\"async\" src=\"https:\/\/el-raconet.com\/wp-content\/uploads\/2023\/08\/wep-1024x536.png\" alt=\"\" width=\"486\" height=\"254\"\/><\/a><\/figure>\n\n\n\n<p>Si navegueu per aquesta p\u00e0gina web, trobareu diferents <strong>articles<\/strong> on s&#8217;expliquen <strong>continguts<\/strong> de forma concreta, amb exemples, definicions gr\u00e0fiques i v\u00eddeos, amb la finalitat de fer-los <strong>comprensibles<\/strong> a tothom que vulgui <strong>aprendre<\/strong> o necessiti <strong>entendre&#8217;ls<\/strong>. <\/p>\n\n\n\n<p>Per altra banda, tamb\u00e9 trobareu altres <strong>articles<\/strong> amb <a href=\"https:\/\/el-raconet.com\/index.php\/reptes-de-logica\/\" title=\"\">problemes de l\u00f2gica<\/a> divertits que us faran pensar i utilitzar les vostres <strong>habilitats matem\u00e0tiques<\/strong> per descobrir la resposta correcta.<\/p>\n\n\n\n<p>Esperem que gaudiu navegant per la nostra web i si us voleu posar en contacte amb nosaltres, podeu fer clic en aquest enlla\u00e7.<\/p>\n","protected":false},"excerpt":{"rendered":"<p>El Raconet \u00e9s un espai virtual creat el mar\u00e7 de l&#8217;any 2021 amb l&#8217;objectiu de crear continguts i materials \u00fatils per a mestres, alumnes i<\/p>\n","protected":false},"author":1,"featured_media":0,"parent":0,"menu_order":0,"comment_status":"closed","ping_status":"closed","template":"","meta":{"footnotes":""},"class_list":["post-203","page","type-page","status-publish","hentry"],"aioseo_notices":[],"_links":{"self":[{"href":"https:\/\/el-raconet.com\/index.php\/wp-json\/wp\/v2\/pages\/203","targetHints":{"allow":["GET"]}}],"collection":[{"href":"https:\/\/el-raconet.com\/index.php\/wp-json\/wp\/v2\/pages"}],"about":[{"href":"https:\/\/el-raconet.com\/index.php\/wp-json\/wp\/v2\/types\/page"}],"author":[{"embeddable":true,"href":"https:\/\/el-raconet.com\/index.php\/wp-json\/wp\/v2\/users\/1"}],"replies":[{"embeddable":true,"href":"https:\/\/el-raconet.com\/index.php\/wp-json\/wp\/v2\/comments?post=203"}],"version-history":[{"count":12,"href":"https:\/\/el-raconet.com\/index.php\/wp-json\/wp\/v2\/pages\/203\/revisions"}],"predecessor-version":[{"id":309,"href":"https:\/\/el-raconet.com\/index.php\/wp-json\/wp\/v2\/pages\/203\/revisions\/309"}],"wp:attachment":[{"href":"https:\/\/el-raconet.com\/index.php\/wp-json\/wp\/v2\/media?parent=203"}],"curies":[{"name":"wp","href":"https:\/\/api.w.org\/{rel}","templated":true}]}}