{"id":19,"date":"2023-01-23T18:50:19","date_gmt":"2023-01-23T18:50:19","guid":{"rendered":"https:\/\/el-raconet.com\/?page_id=19"},"modified":"2023-08-07T09:53:31","modified_gmt":"2023-08-07T09:53:31","slug":"numeracio-i-calcul","status":"publish","type":"page","link":"https:\/\/el-raconet.com\/index.php\/numeracio-i-calcul\/","title":{"rendered":"Numeraci\u00f3 i c\u00e0lcul"},"content":{"rendered":"\n<div class=\"wp-block-query is-layout-flow wp-block-query-is-layout-flow\"><ul class=\"wp-block-post-template is-layout-flow wp-block-post-template-is-layout-flow\"><li class=\"wp-block-post post-1499 post type-post status-publish format-standard has-post-thumbnail hentry category-numeracio-i-calcul tag-matematiques tag-primaria\">\n\n<div class=\"wp-block-columns alignwide is-layout-flex wp-container-core-columns-is-layout-1 wp-block-columns-is-layout-flex\">\n<div class=\"wp-block-column is-layout-flow wp-block-column-is-layout-flow\" style=\"flex-basis:66.66%\"><figure class=\"wp-block-post-featured-image\"><a href=\"https:\/\/el-raconet.com\/index.php\/2025\/12\/15\/multiplicar-pot-ser-divertit-multiplica-amb-luno\/\" target=\"_self\"  ><img loading=\"lazy\" decoding=\"async\" width=\"838\" height=\"600\" src=\"https:\/\/el-raconet.com\/wp-content\/uploads\/2025\/12\/x-amb-uno.png\" class=\"attachment-post-thumbnail size-post-thumbnail wp-post-image\" alt=\"Multiplicar pot ser divertit: Multiplica amb l&#8217;UNO\" style=\"object-fit:cover;\" srcset=\"https:\/\/el-raconet.com\/wp-content\/uploads\/2025\/12\/x-amb-uno.png 838w, https:\/\/el-raconet.com\/wp-content\/uploads\/2025\/12\/x-amb-uno-300x215.png 300w, https:\/\/el-raconet.com\/wp-content\/uploads\/2025\/12\/x-amb-uno-768x550.png 768w\" sizes=\"auto, (max-width: 838px) 100vw, 838px\" \/><\/a><\/figure><\/div>\n\n\n\n<div class=\"wp-block-column is-layout-flow wp-block-column-is-layout-flow\" style=\"flex-basis:33.33%\"><h2 class=\"wp-block-post-title\"><a href=\"https:\/\/el-raconet.com\/index.php\/2025\/12\/15\/multiplicar-pot-ser-divertit-multiplica-amb-luno\/\" target=\"_self\" >Multiplicar pot ser divertit: Multiplica amb l&#8217;UNO<\/a><\/h2>\n\n<div class=\"wp-block-post-excerpt\"><p class=\"wp-block-post-excerpt__excerpt\">Aquest material est\u00e0 pensat perqu\u00e8 els infants puguin practicar i consolidar les taules de multiplicar a trav\u00e9s del joc, utilitzant cartes i taulers que permeten m\u00faltiples din\u00e0miques. <\/p><\/div><\/div>\n<\/div>\n\n<\/li><li class=\"wp-block-post post-27 post type-post status-publish format-standard has-post-thumbnail hentry category-numeracio-i-calcul tag-cicle-mitja tag-matematiques tag-primaria tag-resta tag-resta-portant\">\n\n<div class=\"wp-block-columns alignwide is-layout-flex wp-container-core-columns-is-layout-2 wp-block-columns-is-layout-flex\">\n<div class=\"wp-block-column is-layout-flow wp-block-column-is-layout-flow\" style=\"flex-basis:66.66%\"><figure class=\"wp-block-post-featured-image\"><a href=\"https:\/\/el-raconet.com\/index.php\/2023\/03\/08\/com-resoldre-restes-portant\/\" target=\"_self\"  ><img loading=\"lazy\" decoding=\"async\" width=\"800\" height=\"450\" src=\"https:\/\/el-raconet.com\/wp-content\/uploads\/2023\/03\/ascensor.png\" class=\"attachment-post-thumbnail size-post-thumbnail wp-post-image\" alt=\"Com resoldre restes portant\" style=\"object-fit:cover;\" srcset=\"https:\/\/el-raconet.com\/wp-content\/uploads\/2023\/03\/ascensor.png 800w, https:\/\/el-raconet.com\/wp-content\/uploads\/2023\/03\/ascensor-300x169.png 300w, https:\/\/el-raconet.com\/wp-content\/uploads\/2023\/03\/ascensor-768x432.png 768w\" sizes=\"auto, (max-width: 800px) 100vw, 800px\" \/><\/a><\/figure><\/div>\n\n\n\n<div class=\"wp-block-column is-layout-flow wp-block-column-is-layout-flow\" style=\"flex-basis:33.33%\"><h2 class=\"wp-block-post-title\"><a href=\"https:\/\/el-raconet.com\/index.php\/2023\/03\/08\/com-resoldre-restes-portant\/\" target=\"_self\" >Com resoldre restes portant<\/a><\/h2>\n\n<div class=\"wp-block-post-excerpt\"><p class=\"wp-block-post-excerpt__excerpt\">La resta \u00e9s una operaci\u00f3 aritm\u00e8tica b\u00e0sica que es fa entre dos o m\u00e9s n\u00fameros per obtenir la difer\u00e8ncia entre ells. <\/p><\/div><\/div>\n<\/div>\n\n<\/li><\/ul><\/div>\n","protected":false},"excerpt":{"rendered":"","protected":false},"author":1,"featured_media":0,"parent":0,"menu_order":0,"comment_status":"closed","ping_status":"closed","template":"","meta":{"footnotes":""},"class_list":["post-19","page","type-page","status-publish","hentry"],"aioseo_notices":[],"_links":{"self":[{"href":"https:\/\/el-raconet.com\/index.php\/wp-json\/wp\/v2\/pages\/19","targetHints":{"allow":["GET"]}}],"collection":[{"href":"https:\/\/el-raconet.com\/index.php\/wp-json\/wp\/v2\/pages"}],"about":[{"href":"https:\/\/el-raconet.com\/index.php\/wp-json\/wp\/v2\/types\/page"}],"author":[{"embeddable":true,"href":"https:\/\/el-raconet.com\/index.php\/wp-json\/wp\/v2\/users\/1"}],"replies":[{"embeddable":true,"href":"https:\/\/el-raconet.com\/index.php\/wp-json\/wp\/v2\/comments?post=19"}],"version-history":[{"count":7,"href":"https:\/\/el-raconet.com\/index.php\/wp-json\/wp\/v2\/pages\/19\/revisions"}],"predecessor-version":[{"id":115,"href":"https:\/\/el-raconet.com\/index.php\/wp-json\/wp\/v2\/pages\/19\/revisions\/115"}],"wp:attachment":[{"href":"https:\/\/el-raconet.com\/index.php\/wp-json\/wp\/v2\/media?parent=19"}],"curies":[{"name":"wp","href":"https:\/\/api.w.org\/{rel}","templated":true}]}}